{"id":581,"date":"2022-04-06T19:24:00","date_gmt":"2022-04-06T17:24:00","guid":{"rendered":"https:\/\/www.selfiebox.eu\/?page_id=581"},"modified":"2022-04-08T11:12:19","modified_gmt":"2022-04-08T09:12:19","slug":"terminos-del-contrato","status":"publish","type":"page","link":"https:\/\/www.selfiebox.eu\/es\/terminos-del-contrato\/","title":{"rendered":"T\u00e9rminos del contrato"},"content":{"rendered":"\t\t<div data-elementor-type=\"wp-page\" data-elementor-id=\"581\" class=\"elementor elementor-581\" data-elementor-post-type=\"page\">\n\t\t\t\t\t\t<section class=\"elementor-section elementor-top-section elementor-element elementor-element-5aac947 elementor-section-boxed elementor-section-height-default elementor-section-height-default\" data-id=\"5aac947\" data-element_type=\"section\" data-e-type=\"section\">\n\t\t\t\t\t\t<div class=\"elementor-container elementor-column-gap-default\">\n\t\t\t\t\t<div class=\"elementor-column elementor-col-100 elementor-top-column elementor-element elementor-element-a9f55a9\" data-id=\"a9f55a9\" data-element_type=\"column\" data-e-type=\"column\">\n\t\t\t<div class=\"elementor-widget-wrap elementor-element-populated\">\n\t\t\t\t\t\t<div class=\"elementor-element elementor-element-edd0758 elementor-widget elementor-widget-heading\" data-id=\"edd0758\" data-element_type=\"widget\" data-e-type=\"widget\" data-widget_type=\"heading.default\">\n\t\t\t\t<div class=\"elementor-widget-container\">\n\t\t\t\t\t<h1 class=\"elementor-heading-title elementor-size-default\">T\u00e9rminos del contrato<\/h1>\t\t\t\t<\/div>\n\t\t\t\t<\/div>\n\t\t\t\t<div class=\"elementor-element elementor-element-342cf1a elementor-widget elementor-widget-text-editor\" data-id=\"342cf1a\" data-element_type=\"widget\" data-e-type=\"widget\" data-widget_type=\"text-editor.default\">\n\t\t\t\t<div class=\"elementor-widget-container\">\n\t\t\t\t\t\t\t\t\tAl reservar, usted acepta las siguientes condiciones:\t\t\t\t\t\t\t\t<\/div>\n\t\t\t\t<\/div>\n\t\t\t\t<div class=\"elementor-element elementor-element-fec70a5 elementor-widget elementor-widget-heading\" data-id=\"fec70a5\" data-element_type=\"widget\" data-e-type=\"widget\" data-widget_type=\"heading.default\">\n\t\t\t\t<div class=\"elementor-widget-container\">\n\t\t\t\t\t<h2 class=\"elementor-heading-title elementor-size-default\">Conclusi\u00f3n del contrato<\/h2>\t\t\t\t<\/div>\n\t\t\t\t<\/div>\n\t\t\t\t<div class=\"elementor-element elementor-element-db8580b elementor-widget elementor-widget-text-editor\" data-id=\"db8580b\" data-element_type=\"widget\" data-e-type=\"widget\" data-widget_type=\"text-editor.default\">\n\t\t\t\t<div class=\"elementor-widget-container\">\n\t\t\t\t\t\t\t\t\tPara la reserva, proporcionamos un m\u00f3dulo de reserva correspondiente en este sitio web. Si este m\u00f3dulo se ejecuta y se completa con un pago exitoso, el contrato se concluye de forma vinculante.\t\t\t\t\t\t\t\t<\/div>\n\t\t\t\t<\/div>\n\t\t\t\t<div class=\"elementor-element elementor-element-65c7dd8 elementor-widget elementor-widget-heading\" data-id=\"65c7dd8\" data-element_type=\"widget\" data-e-type=\"widget\" data-widget_type=\"heading.default\">\n\t\t\t\t<div class=\"elementor-widget-container\">\n\t\t\t\t\t<h2 class=\"elementor-heading-title elementor-size-default\">Decoraci\u00f3n y accesorios<\/h2>\t\t\t\t<\/div>\n\t\t\t\t<\/div>\n\t\t\t\t<div class=\"elementor-element elementor-element-a38ae4a elementor-widget elementor-widget-text-editor\" data-id=\"a38ae4a\" data-element_type=\"widget\" data-e-type=\"widget\" data-widget_type=\"text-editor.default\">\n\t\t\t\t<div class=\"elementor-widget-container\">\n\t\t\t\t\t\t\t\t\t<p>Las decoraciones y los accesorios como sombreros, pelucas y otros art\u00edculos divertidos no est\u00e1n incluidos en el alcance de los servicios.<\/p>\t\t\t\t\t\t\t\t<\/div>\n\t\t\t\t<\/div>\n\t\t\t\t<div class=\"elementor-element elementor-element-2639164 elementor-widget elementor-widget-heading\" data-id=\"2639164\" data-element_type=\"widget\" data-e-type=\"widget\" data-widget_type=\"heading.default\">\n\t\t\t\t<div class=\"elementor-widget-container\">\n\t\t\t\t\t<h2 class=\"elementor-heading-title elementor-size-default\">Entrega<\/h2>\t\t\t\t<\/div>\n\t\t\t\t<\/div>\n\t\t\t\t<div class=\"elementor-element elementor-element-5cb50ba elementor-widget elementor-widget-text-editor\" data-id=\"5cb50ba\" data-element_type=\"widget\" data-e-type=\"widget\" data-widget_type=\"text-editor.default\">\n\t\t\t\t<div class=\"elementor-widget-container\">\n\t\t\t\t\t\t\t\t\tEl lugar debe ser accesible en coche para la entrega. Si se requieren gastos especiales para la entrega, \u00e9stos se facturar\u00e1n por separado.\t\t\t\t\t\t\t\t<\/div>\n\t\t\t\t<\/div>\n\t\t\t\t<div class=\"elementor-element elementor-element-9f2ff58 elementor-widget elementor-widget-heading\" data-id=\"9f2ff58\" data-element_type=\"widget\" data-e-type=\"widget\" data-widget_type=\"heading.default\">\n\t\t\t\t<div class=\"elementor-widget-container\">\n\t\t\t\t\t<h2 class=\"elementor-heading-title elementor-size-default\">Responsabilidad por da\u00f1os<\/h2>\t\t\t\t<\/div>\n\t\t\t\t<\/div>\n\t\t\t\t<div class=\"elementor-element elementor-element-391b996 elementor-widget elementor-widget-text-editor\" data-id=\"391b996\" data-element_type=\"widget\" data-e-type=\"widget\" data-widget_type=\"text-editor.default\">\n\t\t\t\t<div class=\"elementor-widget-container\">\n\t\t\t\t\t\t\t\t\tEl cliente ser\u00e1 responsable de los da\u00f1os causados al equipo por \u00e9l mismo, por sus invitados, por los proveedores de servicios encargados o por el lugar o su personal.\t\t\t\t\t\t\t\t<\/div>\n\t\t\t\t<\/div>\n\t\t\t\t<div class=\"elementor-element elementor-element-f536a31 elementor-widget elementor-widget-heading\" data-id=\"f536a31\" data-element_type=\"widget\" data-e-type=\"widget\" data-widget_type=\"heading.default\">\n\t\t\t\t<div class=\"elementor-widget-container\">\n\t\t\t\t\t<h2 class=\"elementor-heading-title elementor-size-default\">Aplazamiento<\/h2>\t\t\t\t<\/div>\n\t\t\t\t<\/div>\n\t\t\t\t<div class=\"elementor-element elementor-element-07877c9 elementor-widget elementor-widget-text-editor\" data-id=\"07877c9\" data-element_type=\"widget\" data-e-type=\"widget\" data-widget_type=\"text-editor.default\">\n\t\t\t\t<div class=\"elementor-widget-container\">\n\t\t\t\t\t\t\t\t\tSi desea reprogramar una cita ya reservada, es posible hacerlo de forma gratuita siempre que nuestra SelfieBox est\u00e9 disponible para la nueva cita. Una cita puede ser reprogramada un m\u00e1ximo de dos veces. No hay derecho a un aplazamiento.\t\t\t\t\t\t\t\t<\/div>\n\t\t\t\t<\/div>\n\t\t\t\t<div class=\"elementor-element elementor-element-fbf43bc elementor-widget elementor-widget-heading\" data-id=\"fbf43bc\" data-element_type=\"widget\" data-e-type=\"widget\" data-widget_type=\"heading.default\">\n\t\t\t\t<div class=\"elementor-widget-container\">\n\t\t\t\t\t<h2 class=\"elementor-heading-title elementor-size-default\">Cancelaci\u00f3n<\/h2>\t\t\t\t<\/div>\n\t\t\t\t<\/div>\n\t\t\t\t<div class=\"elementor-element elementor-element-a3e5dc0 elementor-widget elementor-widget-text-editor\" data-id=\"a3e5dc0\" data-element_type=\"widget\" data-e-type=\"widget\" data-widget_type=\"text-editor.default\">\n\t\t\t\t<div class=\"elementor-widget-container\">\n\t\t\t\t\t\t\t\t\tSi desea anular el pedido, puede hacerlo gratuitamente en los tres d\u00edas siguientes a la entrada en vigor del contrato. \u00a0Despu\u00e9s de este tiempo, retenemos una cuota de cancelaci\u00f3n.\t\t\t\t\t\t\t\t<\/div>\n\t\t\t\t<\/div>\n\t\t\t\t<div class=\"elementor-element elementor-element-2f883dc elementor-widget elementor-widget-heading\" data-id=\"2f883dc\" data-element_type=\"widget\" data-e-type=\"widget\" data-widget_type=\"heading.default\">\n\t\t\t\t<div class=\"elementor-widget-container\">\n\t\t\t\t\t<h2 class=\"elementor-heading-title elementor-size-default\">Tasa de fracaso &amp; Tasas de anulaci\u00f3n<\/h2>\t\t\t\t<\/div>\n\t\t\t\t<\/div>\n\t\t\t\t<div class=\"elementor-element elementor-element-8fa751b elementor-widget elementor-widget-text-editor\" data-id=\"8fa751b\" data-element_type=\"widget\" data-e-type=\"widget\" data-widget_type=\"text-editor.default\">\n\t\t\t\t<div class=\"elementor-widget-container\">\n\t\t\t\t\t\t\t\t\t<p>Si la reserva es cancelada por el cliente, nos quedamos con los siguientes gastos de cancelaci\u00f3n o anulaci\u00f3n:<\/p><p>m\u00e1s de tres d\u00edas despu\u00e9s de la conclusi\u00f3n del contrato: 150,00 euros<br \/>menos de 8 semanas antes de la fecha: 50% del importe del pedido<br \/>menos de 6 semanas antes de la fecha: 75% del importe del pedido<br \/>menos de 4 semanas antes de la fecha: 100% del importe del pedido<\/p>\t\t\t\t\t\t\t\t<\/div>\n\t\t\t\t<\/div>\n\t\t\t\t<div class=\"elementor-element elementor-element-8f10786 elementor-widget elementor-widget-heading\" data-id=\"8f10786\" data-element_type=\"widget\" data-e-type=\"widget\" data-widget_type=\"heading.default\">\n\t\t\t\t<div class=\"elementor-widget-container\">\n\t\t\t\t\t<h2 class=\"elementor-heading-title elementor-size-default\">Fuerza mayor &amp; defectos t\u00e9cnicos<\/h2>\t\t\t\t<\/div>\n\t\t\t\t<\/div>\n\t\t\t\t<div class=\"elementor-element elementor-element-1b312eb elementor-widget elementor-widget-text-editor\" data-id=\"1b312eb\" data-element_type=\"widget\" data-e-type=\"widget\" data-widget_type=\"text-editor.default\">\n\t\t\t\t<div class=\"elementor-widget-container\">\n\t\t\t\t\t\t\t\t\tSi no nos es posible ejecutar el pedido por causas de fuerza mayor o por defectos t\u00e9cnicos, el cliente renuncia a cualquier reclamaci\u00f3n por da\u00f1os y perjuicios. En este caso, el contrato se considerar\u00e1 no celebrado y se reembolsar\u00e1n \u00edntegramente las cantidades ya abonadas.\t\t\t\t\t\t\t\t<\/div>\n\t\t\t\t<\/div>\n\t\t\t\t\t<\/div>\n\t\t<\/div>\n\t\t\t\t\t<\/div>\n\t\t<\/section>\n\t\t\t\t<\/div>\n\t\t","protected":false},"excerpt":{"rendered":"<p>Al reservar, usted acepta las siguientes condiciones: Conclusi\u00f3n del contrato Para la reserva, proporcionamos un m\u00f3dulo de reserva correspondiente en este sitio web. Si este m\u00f3dulo se ejecuta y se completa con un pago exitoso, el contrato se concluye de forma vinculante. Decoraci\u00f3n y accesorios Las decoraciones y los accesorios como sombreros, pelucas y otros [&hellip;]<\/p>\n","protected":false},"author":2,"featured_media":0,"parent":0,"menu_order":0,"comment_status":"closed","ping_status":"closed","template":"","meta":{"site-sidebar-layout":"no-sidebar","site-content-layout":"plain-container","ast-site-content-layout":"default","site-content-style":"default","site-sidebar-style":"default","ast-global-header-display":"","ast-banner-title-visibility":"","ast-main-header-display":"","ast-hfb-above-header-display":"","ast-hfb-below-header-display":"","ast-hfb-mobile-header-display":"","site-post-title":"disabled","ast-breadcrumbs-content":"","ast-featured-img":"disabled","footer-sml-layout":"","ast-disable-related-posts":"","theme-transparent-header-meta":"default","adv-header-id-meta":"","stick-header-meta":"default","header-above-stick-meta":"","header-main-stick-meta":"","header-below-stick-meta":"","astra-migrate-meta-layouts":"default","ast-page-background-enabled":"default","ast-page-background-meta":{"desktop":{"background-color":"","background-image":"","background-repeat":"repeat","background-position":"center center","background-size":"auto","background-attachment":"scroll","background-type":"","background-media":"","overlay-type":"","overlay-color":"","overlay-opacity":"","overlay-gradient":""},"tablet":{"background-color":"","background-image":"","background-repeat":"repeat","background-position":"center center","background-size":"auto","background-attachment":"scroll","background-type":"","background-media":"","overlay-type":"","overlay-color":"","overlay-opacity":"","overlay-gradient":""},"mobile":{"background-color":"","background-image":"","background-repeat":"repeat","background-position":"center center","background-size":"auto","background-attachment":"scroll","background-type":"","background-media":"","overlay-type":"","overlay-color":"","overlay-opacity":"","overlay-gradient":""}},"ast-content-background-meta":{"desktop":{"background-color":"var(--ast-global-color-5)","background-image":"","background-repeat":"repeat","background-position":"center center","background-size":"auto","background-attachment":"scroll","background-type":"","background-media":"","overlay-type":"","overlay-color":"","overlay-opacity":"","overlay-gradient":""},"tablet":{"background-color":"var(--ast-global-color-5)","background-image":"","background-repeat":"repeat","background-position":"center center","background-size":"auto","background-attachment":"scroll","background-type":"","background-media":"","overlay-type":"","overlay-color":"","overlay-opacity":"","overlay-gradient":""},"mobile":{"background-color":"var(--ast-global-color-5)","background-image":"","background-repeat":"repeat","background-position":"center center","background-size":"auto","background-attachment":"scroll","background-type":"","background-media":"","overlay-type":"","overlay-color":"","overlay-opacity":"","overlay-gradient":""}},"footnotes":""},"class_list":["post-581","page","type-page","status-publish","hentry"],"aioseo_notices":[],"_links":{"self":[{"href":"https:\/\/www.selfiebox.eu\/es\/wp-json\/wp\/v2\/pages\/581","targetHints":{"allow":["GET"]}}],"collection":[{"href":"https:\/\/www.selfiebox.eu\/es\/wp-json\/wp\/v2\/pages"}],"about":[{"href":"https:\/\/www.selfiebox.eu\/es\/wp-json\/wp\/v2\/types\/page"}],"author":[{"embeddable":true,"href":"https:\/\/www.selfiebox.eu\/es\/wp-json\/wp\/v2\/users\/2"}],"replies":[{"embeddable":true,"href":"https:\/\/www.selfiebox.eu\/es\/wp-json\/wp\/v2\/comments?post=581"}],"version-history":[{"count":8,"href":"https:\/\/www.selfiebox.eu\/es\/wp-json\/wp\/v2\/pages\/581\/revisions"}],"predecessor-version":[{"id":849,"href":"https:\/\/www.selfiebox.eu\/es\/wp-json\/wp\/v2\/pages\/581\/revisions\/849"}],"wp:attachment":[{"href":"https:\/\/www.selfiebox.eu\/es\/wp-json\/wp\/v2\/media?parent=581"}],"curies":[{"name":"wp","href":"https:\/\/api.w.org\/{rel}","templated":true}]}}